{"id":2,"date":"2025-06-26T15:45:54","date_gmt":"2025-06-26T15:45:54","guid":{"rendered":"https:\/\/cemarquitectura.com.mx\/?page_id=2"},"modified":"2025-09-04T16:53:55","modified_gmt":"2025-09-04T22:53:55","slug":"pagina-ejemplo","status":"publish","type":"page","link":"https:\/\/cemlegal.com.mx\/en\/pagina-ejemplo\/","title":{"rendered":"P\u00e1gina de ejemplo"},"content":{"rendered":"<div data-elementor-type=\"wp-page\" data-elementor-id=\"2\" class=\"elementor elementor-2\">\n\t\t\t\t<div class=\"elementor-element elementor-element-a9d2fca e-flex e-con-boxed e-con e-parent\" data-id=\"a9d2fca\" data-element_type=\"container\">\n\t\t\t\t\t<div class=\"e-con-inner\">\n\t\t\t\t<div class=\"elementor-element elementor-element-72cabb6 elementor-widget elementor-widget-ucaddon_content_carousel_new\" data-id=\"72cabb6\" data-element_type=\"widget\" data-widget_type=\"ucaddon_content_carousel_new.default\">\n\t\t\t\t<div class=\"elementor-widget-container\">\n\t\t\t\t\t\n<!-- start Content Carousel -->\n\t\t<link id='font-awesome-css' href='https:\/\/cemlegal.com.mx\/wp-content\/plugins\/unlimited-elements-for-elementor\/assets_libraries\/font-awesome6\/fontawesome-all.min.css' type='text\/css' rel='stylesheet' >\n\t\t<link id='font-awesome-4-shim-css' href='https:\/\/cemlegal.com.mx\/wp-content\/plugins\/unlimited-elements-for-elementor\/assets_libraries\/font-awesome6\/fontawesome-v4-shims.min.css' type='text\/css' rel='stylesheet' >\n\t\t<link id='owl-carousel-css' href='https:\/\/cemlegal.com.mx\/wp-content\/plugins\/unlimited-elements-for-elementor\/assets_libraries\/owl-carousel-new\/assets\/owl.carousel.css' type='text\/css' rel='stylesheet' >\n\t\t<link id='fancybox-css' href='https:\/\/cemlegal.com.mx\/wp-content\/plugins\/unlimited-elements-for-elementor\/assets_libraries\/fancybox3\/jquery.fancybox.min.css' type='text\/css' rel='stylesheet' >\n\n<style>\/* widget: Content Carousel *\/\n\n.ue-content-carousel{\n  min-height:1px;\n}\n\n#uc_content_carousel_new_elementor_72cabb6 .ue-item{\n  transition:0.3s;\n  position:relative;\n}\n\n#uc_content_carousel_new_elementor_72cabb6 .carousel-image{\n  transition:0.3s;\n  background-position:center; \n  background-repeat:no-repeat;\n}\n\n#uc_content_carousel_new_elementor_72cabb6 .uc_image_carousel_content-wrapper{\n  width: 100%;\n}\n\n#uc_content_carousel_new_elementor_72cabb6{\n  position:relative;\n  min-height:1px;\n}\n\n#uc_content_carousel_new_elementor_72cabb6 .ue-content-holder{\n  display:flex;\n  flex-direction:column;\n}\n\n#uc_content_carousel_new_elementor_72cabb6 .ue-btn-holder{\n  margin-top:auto;\n}\n\n#uc_content_carousel_new_elementor_72cabb6 .owl-nav .owl-prev{\n    position:absolute;\n    display:inline-block;\n    text-align:center;\n}\n\n#uc_content_carousel_new_elementor_72cabb6 .owl-nav .owl-next{\n  position:absolute;\n  display:inline-block;\n  text-align:center;\n}\n\n#uc_content_carousel_new_elementor_72cabb6 .owl-dots {\noverflow:hidden;\ntext-align:center;\n}\n\n#uc_content_carousel_new_elementor_72cabb6 .owl-dot {\nborder-radius:50%;\ndisplay:inline-block;\n}\n\n.uc_post_title{\n  font-size:21px;\n}\n\n#uc_content_carousel_new_elementor_72cabb6 .uc_image_carousel_container_holder{\n  overflow:hidden;\n}\n\n#uc_content_carousel_new_elementor_72cabb6 .uc_more_btn{  \n    display:inline-block;\n  text-decoration:none;\n  text-align:center;\n  transition:0.3s;\n}\n\n\n\n#uc_content_carousel_new_elementor_72cabb6 .uc_date{\n  color:gray;\n  padding-top:10px;\n  text-style:italic;\n}\n\n\n\n\n\n\n#uc_content_carousel_new_elementor_72cabb6 .ue-btn-inner-wrapper{\n  display:inline-flex;\n  align-items:center;\n}\n\n#uc_content_carousel_new_elementor_72cabb6 .ue-btn-inner-wrapper svg{\n  height:1em;\n  width:1em;\n}\n\n#uc_content_carousel_new_elementor_72cabb6 .uc_image_carousel_placeholder{\n  position:relative;\n}\n\n#uc_content_carousel_new_elementor_72cabb6 .ue_img_link{\n  display:block;\n  position:absolute;\n  top:0px;\n  right:0px;\n  left:0px;\n  bottom:0px;\n}\n\n\/* start creative button hover styles *\/\n#uc_content_carousel_new_elementor_72cabb6 .uc_content{\n  display: flex;\n  flex-wrap: wrap;\n}\n\n\/* GENERAL BUTTON STYLING *\/\n#uc_content_carousel_new_elementor_72cabb6 .uc_button {\n  overflow:hidden;\n}\n\n#uc_content_carousel_new_elementor_72cabb6 .uc_button,\n#uc_content_carousel_new_elementor_72cabb6 .uc_button::after {\n\ttransition: all 0.3s;\n}\n\n#uc_content_carousel_new_elementor_72cabb6 .uc_button {\n  position: relative;\n}\n\n#uc_content_carousel_new_elementor_72cabb6 .uc_button span{\n  z-index: 2;\n  position: relative;\n  display: block;\n}\n\n#uc_content_carousel_new_elementor_72cabb6 .uc_button::before,\n#uc_content_carousel_new_elementor_72cabb6 .uc_button::after {\n  content: '';\n  position: absolute;\n  z-index: 1;\n}\n\n\/* BUTTON 1 *\/\n#uc_content_carousel_new_elementor_72cabb6 .uc_btn-1::after {\n  height: 0;\n  left: 0;\n  top: 0;\n  width: 100%;\n}\n\n#uc_content_carousel_new_elementor_72cabb6 .uc_btn-1:hover:after {\n  height: 100%;\n}\n\n\/* BUTTON 7 *\/\n#uc_content_carousel_new_elementor_72cabb6 .uc_btn-7::after {\n  height: 0;\n  left: 0;\n  bottom: 0;\n  width: 100%;\n}\n\n#uc_content_carousel_new_elementor_72cabb6 .uc_btn-7:hover:after {\n  height: 100%;\n}\n\n\/* BUTTON 2 *\/\n#uc_content_carousel_new_elementor_72cabb6 .uc_btn-2::after {\n  height: 100%;\n  left: 0;\n  top: 0;\n  width: 0;\n}\n\n#uc_content_carousel_new_elementor_72cabb6 .uc_btn-2:hover:after {\n  width: 100%;\n}\n\n\/* BUTTON 6 *\/\n#uc_content_carousel_new_elementor_72cabb6 .uc_btn-6::after {\n  height: 100%;\n  right: 0;\n  top: 0;\n  width: 0;\n}\n\n#uc_content_carousel_new_elementor_72cabb6 .uc_btn-6:hover:after {\n  width: 100%;\n}\n\n\/* BUTTON 3 *\/\n#uc_content_carousel_new_elementor_72cabb6 .uc_btn-3::after {\n  height: 0;\n  left: 50%;\n  top: 50%;\n  width: 0;\n}\n\n#uc_content_carousel_new_elementor_72cabb6 .uc_btn-3:hover:after {\n  height: 100%;\n  left: 0;\n  top: 0;\n  width: 100%;\n}\n\n\/* BUTTON 4 *\/\n#uc_content_carousel_new_elementor_72cabb6 .uc_btn-4::before {\n}\n\n#uc_content_carousel_new_elementor_72cabb6 .uc_btn-4::after {\n  height: 100%;\n  left: 0;\n  top: 0;\n  width: 100%;\n}\n\n#uc_content_carousel_new_elementor_72cabb6 .uc_btn-4:hover:after{\n  height: 0;\n  left: 50%;\n  top: 50%;\n  width: 0;\n}\n\n\/* BUTTON 5 *\/\n#uc_content_carousel_new_elementor_72cabb6 .uc_btn-5 {\n  overflow: hidden;\n}\n\n#uc_content_carousel_new_elementor_72cabb6 .uc_btn-5::after {\n  height: 100%;\n  left: -100%;\n  top: 0;\n  transform: skew(50deg);\n  transition-duration: 0.6s;\n  transform-origin: top left;\n  width: 0;\n}\n\n#uc_content_carousel_new_elementor_72cabb6 .uc_btn-5:hover:after {\n  height: 100%;\n  width: 200%;\n}\n\/* end styles *\/\n#uc_content_carousel_new_elementor_72cabb6_item1 .carousel-image{\n  background-image:url(https:\/\/cemlegal.com.mx\/wp-content\/uploads\/2019\/11\/Willy.jpg);\n}\n#uc_content_carousel_new_elementor_72cabb6_item2 .carousel-image{\n  background-image:url(https:\/\/cemlegal.com.mx\/wp-content\/uploads\/2019\/11\/Marco.jpg);\n}\n#uc_content_carousel_new_elementor_72cabb6_item3 .carousel-image{\n  background-image:url(https:\/\/cemlegal.com.mx\/wp-content\/uploads\/2019\/11\/Miguel.jpg);\n}\n#uc_content_carousel_new_elementor_72cabb6_item4 .carousel-image{\n  background-image:url(https:\/\/cemlegal.com.mx\/wp-content\/uploads\/2019\/11\/Edgar.jpg);\n}\n#uc_content_carousel_new_elementor_72cabb6_item5 .carousel-image{\n  background-image:url(https:\/\/cemlegal.com.mx\/wp-content\/uploads\/2019\/11\/Alexia.jpg);\n}\n#uc_content_carousel_new_elementor_72cabb6_item6 .carousel-image{\n  background-image:url(https:\/\/cemlegal.com.mx\/wp-content\/uploads\/2019\/11\/Belen.jpg);\n}\n#uc_content_carousel_new_elementor_72cabb6_item7 .carousel-image{\n  background-image:url(https:\/\/cemlegal.com.mx\/wp-content\/uploads\/2025\/09\/Camila.jpg);\n}\n#uc_content_carousel_new_elementor_72cabb6_item8 .carousel-image{\n  background-image:url(https:\/\/cemlegal.com.mx\/wp-content\/uploads\/2025\/09\/Claudia.jpg);\n}\n#uc_content_carousel_new_elementor_72cabb6_item9 .carousel-image{\n  background-image:url(https:\/\/cemlegal.com.mx\/wp-content\/uploads\/2025\/09\/Daniela.jpg);\n}\n#uc_content_carousel_new_elementor_72cabb6_item10 .carousel-image{\n  background-image:url(https:\/\/cemlegal.com.mx\/wp-content\/uploads\/2025\/09\/Denise.jpg);\n}\n#uc_content_carousel_new_elementor_72cabb6_item11 .carousel-image{\n  background-image:url(https:\/\/cemlegal.com.mx\/wp-content\/uploads\/2025\/09\/Katia.jpg);\n}\n#uc_content_carousel_new_elementor_72cabb6_item12 .carousel-image{\n  background-image:url(https:\/\/cemlegal.com.mx\/wp-content\/uploads\/2025\/09\/Lili.jpg);\n}\n#uc_content_carousel_new_elementor_72cabb6_item13 .carousel-image{\n  background-image:url();\n}\n\n\n<\/style>\n\n<div class=\"ue-content-carousel\" >\n  <div class=\"uc_carousel owl-carousel owl-theme uc-items-wrapper\" id=\"uc_content_carousel_new_elementor_72cabb6\" data-lightbox=\"false\" data-equal-height=\"false\"  >\n    <div id=\"uc_content_carousel_new_elementor_72cabb6_item1\" class=\"uc_image_carousel_container_holder ue-item\">\n  \n      <div class=\"uc_image_carousel_placeholder\">\n      <div class=\"carousel-image\"><\/div>\n          \n          <\/div>\n  \n      <div class=\"uc_image_carousel_content content-padding ue-content-holder\">\n\n              <div class=\"uc_image_carousel_content-wrapper\">\n                                    <h2 class=\"ue-title\">William G\u00f3mez Hueso<\/h2>\n                      \n          <div class=\"ue-text\"><p>Partner<\/p><div class=\"paoc-pro-shortcode-preview paoc-copy-clipboard\">\t<a class=\"paoc-popup-click paoc-popup-cust-1259 paoc-popup-button paoc-popup-btn\" href=\"javascript:void(0);\">View biography<\/a>\r\n<\/div><\/div>                  <\/div>\n        \n          \n        \n      \n      \n    <\/div>  <\/div>\n<div id=\"uc_content_carousel_new_elementor_72cabb6_item2\" class=\"uc_image_carousel_container_holder ue-item\">\n  \n      <div class=\"uc_image_carousel_placeholder\">\n      <div class=\"carousel-image\"><\/div>\n          \n          <\/div>\n  \n      <div class=\"uc_image_carousel_content content-padding ue-content-holder\">\n\n              <div class=\"uc_image_carousel_content-wrapper\">\n                                    <h2 class=\"ue-title\">Marco Antonio S\u00e1nchez Guzm\u00e1n<\/h2>\n                      \n          <div class=\"ue-text\"><p>Partner<\/p><div class=\"paoc-pro-shortcode-preview paoc-copy-clipboard\"><div class=\"paoc-pro-shortcode-preview paoc-copy-clipboard\">\t<a class=\"paoc-popup-click paoc-popup-cust-1278 paoc-popup-button paoc-popup-btn\" href=\"javascript:void(0);\">View biography<\/a>\r\n<\/div><\/div><\/div>                  <\/div>\n        \n          \n        \n      \n      \n    <\/div>  <\/div>\n<div id=\"uc_content_carousel_new_elementor_72cabb6_item3\" class=\"uc_image_carousel_container_holder ue-item\">\n  \n      <div class=\"uc_image_carousel_placeholder\">\n      <div class=\"carousel-image\"><\/div>\n          \n          <\/div>\n  \n      <div class=\"uc_image_carousel_content content-padding ue-content-holder\">\n\n              <div class=\"uc_image_carousel_content-wrapper\">\n                                    <h2 class=\"ue-title\">Miguel Ram\u00f3n Cervantes Cuevas<\/h2>\n                      \n          <div class=\"ue-text\"><p>Partner<\/p><div class=\"paoc-pro-shortcode-preview paoc-copy-clipboard\"><div class=\"paoc-pro-shortcode-preview paoc-copy-clipboard\">\t<a class=\"paoc-popup-click paoc-popup-cust-1282 paoc-popup-button paoc-popup-btn\" href=\"javascript:void(0);\">View biography<\/a>\r\n<\/div><\/div><\/div>                  <\/div>\n        \n          \n        \n      \n      \n    <\/div>  <\/div>\n<div id=\"uc_content_carousel_new_elementor_72cabb6_item4\" class=\"uc_image_carousel_container_holder ue-item\">\n  \n      <div class=\"uc_image_carousel_placeholder\">\n      <div class=\"carousel-image\"><\/div>\n          \n          <\/div>\n  \n      <div class=\"uc_image_carousel_content content-padding ue-content-holder\">\n\n              <div class=\"uc_image_carousel_content-wrapper\">\n                                    <h2 class=\"ue-title\">Edgar Origel N\u00fa\u00f1ez<\/h2>\n                      \n          <div class=\"ue-text\"><p>Partner<\/p><div class=\"paoc-pro-shortcode-preview paoc-copy-clipboard\"><div class=\"paoc-pro-shortcode-preview paoc-copy-clipboard\">\t<a class=\"paoc-popup-click paoc-popup-cust-1289 paoc-popup-button paoc-popup-btn\" href=\"javascript:void(0);\">View biography<\/a>\r\n<\/div><\/div><\/div>                  <\/div>\n        \n          \n        \n      \n      \n    <\/div>  <\/div>\n<div id=\"uc_content_carousel_new_elementor_72cabb6_item5\" class=\"uc_image_carousel_container_holder ue-item\">\n  \n      <div class=\"uc_image_carousel_placeholder\">\n      <div class=\"carousel-image\"><\/div>\n          \n          <\/div>\n  \n      <div class=\"uc_image_carousel_content content-padding ue-content-holder\">\n\n              <div class=\"uc_image_carousel_content-wrapper\">\n                                    <h2 class=\"ue-title\">Alexia Castillejo Lozano<\/h2>\n                      \n          <div class=\"ue-text\"><p>Architecture and urban planning<\/p><\/div>                  <\/div>\n        \n          \n        \n      \n      \n    <\/div>  <\/div>\n<div id=\"uc_content_carousel_new_elementor_72cabb6_item6\" class=\"uc_image_carousel_container_holder ue-item\">\n  \n      <div class=\"uc_image_carousel_placeholder\">\n      <div class=\"carousel-image\"><\/div>\n          \n          <\/div>\n  \n      <div class=\"uc_image_carousel_content content-padding ue-content-holder\">\n\n              <div class=\"uc_image_carousel_content-wrapper\">\n                                    <h2 class=\"ue-title\">Bel\u00e9n Ortiz Lerin<\/h2>\n                      \n          <div class=\"ue-text\"><p>Architecture and urban planning<\/p><\/div>                  <\/div>\n        \n          \n        \n      \n      \n    <\/div>  <\/div>\n<div id=\"uc_content_carousel_new_elementor_72cabb6_item7\" class=\"uc_image_carousel_container_holder ue-item\">\n  \n      <div class=\"uc_image_carousel_placeholder\">\n      <div class=\"carousel-image\"><\/div>\n          \n          <\/div>\n  \n      <div class=\"uc_image_carousel_content content-padding ue-content-holder\">\n\n              <div class=\"uc_image_carousel_content-wrapper\">\n                                    <h2 class=\"ue-title\">Camila Avil\u00e9s Palma<\/h2>\n                      \n          <div class=\"ue-text\"><p>Legal department<\/p><\/div>                  <\/div>\n        \n          \n        \n      \n      \n    <\/div>  <\/div>\n<div id=\"uc_content_carousel_new_elementor_72cabb6_item8\" class=\"uc_image_carousel_container_holder ue-item\">\n  \n      <div class=\"uc_image_carousel_placeholder\">\n      <div class=\"carousel-image\"><\/div>\n          \n          <\/div>\n  \n      <div class=\"uc_image_carousel_content content-padding ue-content-holder\">\n\n              <div class=\"uc_image_carousel_content-wrapper\">\n                                    <h2 class=\"ue-title\">Claudia Guadalupe Madera Cornejo<\/h2>\n                      \n          <div class=\"ue-text\"><p>Legal department<\/p><\/div>                  <\/div>\n        \n          \n        \n      \n      \n    <\/div>  <\/div>\n<div id=\"uc_content_carousel_new_elementor_72cabb6_item9\" class=\"uc_image_carousel_container_holder ue-item\">\n  \n      <div class=\"uc_image_carousel_placeholder\">\n      <div class=\"carousel-image\"><\/div>\n          \n          <\/div>\n  \n      <div class=\"uc_image_carousel_content content-padding ue-content-holder\">\n\n              <div class=\"uc_image_carousel_content-wrapper\">\n                                    <h2 class=\"ue-title\">Daniela Alcantara Ceja<\/h2>\n                      \n          <div class=\"ue-text\"><p>Legal department<\/p><\/div>                  <\/div>\n        \n          \n        \n      \n      \n    <\/div>  <\/div>\n<div id=\"uc_content_carousel_new_elementor_72cabb6_item10\" class=\"uc_image_carousel_container_holder ue-item\">\n  \n      <div class=\"uc_image_carousel_placeholder\">\n      <div class=\"carousel-image\"><\/div>\n          \n          <\/div>\n  \n      <div class=\"uc_image_carousel_content content-padding ue-content-holder\">\n\n              <div class=\"uc_image_carousel_content-wrapper\">\n                                    <h2 class=\"ue-title\">Denise Wolfskill Cox<\/h2>\n                      \n          <div class=\"ue-text\"><p>Architecture and urban planning<\/p><\/div>                  <\/div>\n        \n          \n        \n      \n      \n    <\/div>  <\/div>\n<div id=\"uc_content_carousel_new_elementor_72cabb6_item11\" class=\"uc_image_carousel_container_holder ue-item\">\n  \n      <div class=\"uc_image_carousel_placeholder\">\n      <div class=\"carousel-image\"><\/div>\n          \n          <\/div>\n  \n      <div class=\"uc_image_carousel_content content-padding ue-content-holder\">\n\n              <div class=\"uc_image_carousel_content-wrapper\">\n                                    <h2 class=\"ue-title\">Katia Elizabeth Macias Morales<\/h2>\n                      \n          <div class=\"ue-text\"><p>Architecture and urban planning<\/p><\/div>                  <\/div>\n        \n          \n        \n      \n      \n    <\/div>  <\/div>\n<div id=\"uc_content_carousel_new_elementor_72cabb6_item12\" class=\"uc_image_carousel_container_holder ue-item\">\n  \n      <div class=\"uc_image_carousel_placeholder\">\n      <div class=\"carousel-image\"><\/div>\n          \n          <\/div>\n  \n      <div class=\"uc_image_carousel_content content-padding ue-content-holder\">\n\n              <div class=\"uc_image_carousel_content-wrapper\">\n                                    <h2 class=\"ue-title\">Liliana Orozco Ram\u00edrez<\/h2>\n                      \n          <div class=\"ue-text\"><p>Architecture and urban planning<\/p><\/div>                  <\/div>\n        \n          \n        \n      \n      \n    <\/div>  <\/div>\n<div id=\"uc_content_carousel_new_elementor_72cabb6_item13\" class=\"uc_image_carousel_container_holder ue-item\">\n  \n      <div class=\"uc_image_carousel_placeholder\">\n      <div class=\"carousel-image\"><\/div>\n          \n          <\/div>\n  \n      <div class=\"uc_image_carousel_content content-padding ue-content-holder\">\n\n              <div class=\"uc_image_carousel_content-wrapper\">\n                                    <h2 class=\"ue-title\">Mar\u00eda Alejandra Silva P\u00e9rez<\/h2>\n                      \n          <div class=\"ue-text\"><p>Legal department<\/p><\/div>                  <\/div>\n        \n          \n        \n      \n      \n    <\/div>  <\/div>\n\n  <\/div>\t\n<\/div>\n<!-- end Content Carousel -->\t\t\t\t<\/div>\n\t\t\t\t<\/div>\n\t\t\t\t\t<\/div>\n\t\t\t\t<\/div>\n\t\t\t\t<\/div>","protected":false},"excerpt":{"rendered":"William G\u00f3mez Hueso Socio Ver Biograf\u00eda Marco Antonio S\u00e1nchez Guzm\u00e1n Socio Ver Biograf\u00eda Miguel Ram\u00f3n Cervantes Cuevas Socio Ver Biograf\u00eda Edgar Origel N\u00fa\u00f1ez Socio Ver Biograf\u00eda Alexia Castillejo Lozano Arquitectura y Urbanismo Bel\u00e9n Ortiz Lerin Arquitectura y Urbanismo Camila Avil\u00e9s Palma \u00c1rea Legal Claudia Guadalupe Madera Cornejo \u00c1rea Legal Daniela Alcantara Ceja \u00c1rea Legal Denise","protected":false},"author":1,"featured_media":0,"parent":0,"menu_order":0,"comment_status":"closed","ping_status":"open","template":"elementor_canvas","meta":{"footnotes":""},"class_list":["post-2","page","type-page","status-publish","hentry"],"yoast_head":"<!-- This site is optimized with the Yoast SEO plugin v25.3.1 - https:\/\/yoast.com\/wordpress\/plugins\/seo\/ -->\n<title>P\u00e1gina de ejemplo - CEM<\/title>\n<meta name=\"robots\" content=\"noindex, follow, max-snippet:-1, max-image-preview:large, max-video-preview:-1\" \/>\n<meta property=\"og:locale\" content=\"en_US\" \/>\n<meta property=\"og:type\" content=\"article\" \/>\n<meta property=\"og:title\" content=\"P\u00e1gina de ejemplo - CEM\" \/>\n<meta property=\"og:description\" content=\"William G\u00f3mez Hueso Socio Ver Biograf\u00eda Marco Antonio S\u00e1nchez Guzm\u00e1n Socio Ver Biograf\u00eda Miguel Ram\u00f3n Cervantes Cuevas Socio Ver Biograf\u00eda Edgar Origel N\u00fa\u00f1ez Socio Ver Biograf\u00eda Alexia Castillejo Lozano Arquitectura y Urbanismo Bel\u00e9n Ortiz Lerin Arquitectura y Urbanismo Camila Avil\u00e9s Palma \u00c1rea Legal Claudia Guadalupe Madera Cornejo \u00c1rea Legal Daniela Alcantara Ceja \u00c1rea Legal Denise\" \/>\n<meta property=\"og:url\" content=\"https:\/\/cemlegal.com.mx\/en\/pagina-ejemplo\/\" \/>\n<meta property=\"og:site_name\" content=\"CEM\" \/>\n<meta property=\"article:modified_time\" content=\"2025-09-04T22:53:55+00:00\" \/>\n<meta name=\"twitter:card\" content=\"summary_large_image\" \/>\n<meta name=\"twitter:label1\" content=\"Est. reading time\" \/>\n\t<meta name=\"twitter:data1\" content=\"4 minutes\" \/>\n<script type=\"application\/ld+json\" class=\"yoast-schema-graph\">{\"@context\":\"https:\/\/schema.org\",\"@graph\":[{\"@type\":\"WebPage\",\"@id\":\"https:\/\/cemlegal.com.mx\/pagina-ejemplo\/\",\"url\":\"https:\/\/cemlegal.com.mx\/pagina-ejemplo\/\",\"name\":\"P\u00e1gina de ejemplo - CEM\",\"isPartOf\":{\"@id\":\"https:\/\/cemlegal.com.mx\/#website\"},\"datePublished\":\"2025-06-26T15:45:54+00:00\",\"dateModified\":\"2025-09-04T22:53:55+00:00\",\"breadcrumb\":{\"@id\":\"https:\/\/cemlegal.com.mx\/pagina-ejemplo\/#breadcrumb\"},\"inLanguage\":\"en-US\",\"potentialAction\":[{\"@type\":\"ReadAction\",\"target\":[\"https:\/\/cemlegal.com.mx\/pagina-ejemplo\/\"]}]},{\"@type\":\"BreadcrumbList\",\"@id\":\"https:\/\/cemlegal.com.mx\/pagina-ejemplo\/#breadcrumb\",\"itemListElement\":[{\"@type\":\"ListItem\",\"position\":1,\"name\":\"Inicio\",\"item\":\"https:\/\/cemlegal.com.mx\/\"},{\"@type\":\"ListItem\",\"position\":2,\"name\":\"P\u00e1gina de ejemplo\"}]},{\"@type\":\"WebSite\",\"@id\":\"https:\/\/cemlegal.com.mx\/#website\",\"url\":\"https:\/\/cemlegal.com.mx\/\",\"name\":\"CEM\",\"description\":\"Consultor\u00eda y Estrategia Metropolitana\",\"publisher\":{\"@id\":\"https:\/\/cemlegal.com.mx\/#organization\"},\"potentialAction\":[{\"@type\":\"SearchAction\",\"target\":{\"@type\":\"EntryPoint\",\"urlTemplate\":\"https:\/\/cemlegal.com.mx\/?s={search_term_string}\"},\"query-input\":{\"@type\":\"PropertyValueSpecification\",\"valueRequired\":true,\"valueName\":\"search_term_string\"}}],\"inLanguage\":\"en-US\"},{\"@type\":\"Organization\",\"@id\":\"https:\/\/cemlegal.com.mx\/#organization\",\"name\":\"CEM\",\"url\":\"https:\/\/cemlegal.com.mx\/\",\"logo\":{\"@type\":\"ImageObject\",\"inLanguage\":\"en-US\",\"@id\":\"https:\/\/cemlegal.com.mx\/#\/schema\/logo\/image\/\",\"url\":\"https:\/\/cemlegal.com.mx\/wp-content\/uploads\/2025\/07\/Logo-Favicon.png\",\"contentUrl\":\"https:\/\/cemlegal.com.mx\/wp-content\/uploads\/2025\/07\/Logo-Favicon.png\",\"width\":502,\"height\":424,\"caption\":\"CEM\"},\"image\":{\"@id\":\"https:\/\/cemlegal.com.mx\/#\/schema\/logo\/image\/\"}}]}<\/script>\n<!-- \/ Yoast SEO plugin. -->","yoast_head_json":{"title":"P\u00e1gina de ejemplo - CEM","robots":{"index":"noindex","follow":"follow","max-snippet":"max-snippet:-1","max-image-preview":"max-image-preview:large","max-video-preview":"max-video-preview:-1"},"og_locale":"en_US","og_type":"article","og_title":"P\u00e1gina de ejemplo - CEM","og_description":"William G\u00f3mez Hueso Socio Ver Biograf\u00eda Marco Antonio S\u00e1nchez Guzm\u00e1n Socio Ver Biograf\u00eda Miguel Ram\u00f3n Cervantes Cuevas Socio Ver Biograf\u00eda Edgar Origel N\u00fa\u00f1ez Socio Ver Biograf\u00eda Alexia Castillejo Lozano Arquitectura y Urbanismo Bel\u00e9n Ortiz Lerin Arquitectura y Urbanismo Camila Avil\u00e9s Palma \u00c1rea Legal Claudia Guadalupe Madera Cornejo \u00c1rea Legal Daniela Alcantara Ceja \u00c1rea Legal Denise","og_url":"https:\/\/cemlegal.com.mx\/en\/pagina-ejemplo\/","og_site_name":"CEM","article_modified_time":"2025-09-04T22:53:55+00:00","twitter_card":"summary_large_image","twitter_misc":{"Est. reading time":"4 minutes"},"schema":{"@context":"https:\/\/schema.org","@graph":[{"@type":"WebPage","@id":"https:\/\/cemlegal.com.mx\/pagina-ejemplo\/","url":"https:\/\/cemlegal.com.mx\/pagina-ejemplo\/","name":"P\u00e1gina de ejemplo - CEM","isPartOf":{"@id":"https:\/\/cemlegal.com.mx\/#website"},"datePublished":"2025-06-26T15:45:54+00:00","dateModified":"2025-09-04T22:53:55+00:00","breadcrumb":{"@id":"https:\/\/cemlegal.com.mx\/pagina-ejemplo\/#breadcrumb"},"inLanguage":"en-US","potentialAction":[{"@type":"ReadAction","target":["https:\/\/cemlegal.com.mx\/pagina-ejemplo\/"]}]},{"@type":"BreadcrumbList","@id":"https:\/\/cemlegal.com.mx\/pagina-ejemplo\/#breadcrumb","itemListElement":[{"@type":"ListItem","position":1,"name":"Inicio","item":"https:\/\/cemlegal.com.mx\/"},{"@type":"ListItem","position":2,"name":"P\u00e1gina de ejemplo"}]},{"@type":"WebSite","@id":"https:\/\/cemlegal.com.mx\/#website","url":"https:\/\/cemlegal.com.mx\/","name":"CEM","description":"Consultor\u00eda y Estrategia Metropolitana","publisher":{"@id":"https:\/\/cemlegal.com.mx\/#organization"},"potentialAction":[{"@type":"SearchAction","target":{"@type":"EntryPoint","urlTemplate":"https:\/\/cemlegal.com.mx\/?s={search_term_string}"},"query-input":{"@type":"PropertyValueSpecification","valueRequired":true,"valueName":"search_term_string"}}],"inLanguage":"en-US"},{"@type":"Organization","@id":"https:\/\/cemlegal.com.mx\/#organization","name":"CEM","url":"https:\/\/cemlegal.com.mx\/","logo":{"@type":"ImageObject","inLanguage":"en-US","@id":"https:\/\/cemlegal.com.mx\/#\/schema\/logo\/image\/","url":"https:\/\/cemlegal.com.mx\/wp-content\/uploads\/2025\/07\/Logo-Favicon.png","contentUrl":"https:\/\/cemlegal.com.mx\/wp-content\/uploads\/2025\/07\/Logo-Favicon.png","width":502,"height":424,"caption":"CEM"},"image":{"@id":"https:\/\/cemlegal.com.mx\/#\/schema\/logo\/image\/"}}]}},"_links":{"self":[{"href":"https:\/\/cemlegal.com.mx\/en\/wp-json\/wp\/v2\/pages\/2","targetHints":{"allow":["GET"]}}],"collection":[{"href":"https:\/\/cemlegal.com.mx\/en\/wp-json\/wp\/v2\/pages"}],"about":[{"href":"https:\/\/cemlegal.com.mx\/en\/wp-json\/wp\/v2\/types\/page"}],"author":[{"embeddable":true,"href":"https:\/\/cemlegal.com.mx\/en\/wp-json\/wp\/v2\/users\/1"}],"replies":[{"embeddable":true,"href":"https:\/\/cemlegal.com.mx\/en\/wp-json\/wp\/v2\/comments?post=2"}],"version-history":[{"count":2,"href":"https:\/\/cemlegal.com.mx\/en\/wp-json\/wp\/v2\/pages\/2\/revisions"}],"predecessor-version":[{"id":1295,"href":"https:\/\/cemlegal.com.mx\/en\/wp-json\/wp\/v2\/pages\/2\/revisions\/1295"}],"wp:attachment":[{"href":"https:\/\/cemlegal.com.mx\/en\/wp-json\/wp\/v2\/media?parent=2"}],"curies":[{"name":"wp","href":"https:\/\/api.w.org\/{rel}","templated":true}]}}